{"id":26,"date":"2016-06-09T14:50:31","date_gmt":"2016-06-09T14:50:31","guid":{"rendered":"http:\/\/158.109.8.43\/infoesposalles\/?page_id=26"},"modified":"2025-09-22T09:40:25","modified_gmt":"2025-09-22T07:40:25","slug":"team-uab-ced","status":"publish","type":"page","link":"http:\/\/dag.cvc.uab.es\/infoesposalles\/team-uab-ced\/","title":{"rendered":"TEAM UAB-CED"},"content":{"rendered":"<div class=\"wp-block-image\">\n<figure class=\"aligncenter size-full is-resized\"><img loading=\"lazy\" decoding=\"async\" width=\"300\" height=\"225\" src=\"http:\/\/dag.cvc.uab.es\/infoesposalles\/wp-content\/uploads\/sites\/2\/2025\/09\/DSCN3843-300x225-1.jpg\" alt=\"\" class=\"wp-image-95\" style=\"width:500px\"\/><\/figure><\/div>\n\n\n<div style=\"height:40px\" aria-hidden=\"true\" class=\"wp-block-spacer\"><\/div>\n\n\n\n<div class=\"wp-block-media-text is-stacked-on-mobile\" style=\"grid-template-columns:35% auto\"><figure class=\"wp-block-media-text__media\"><img loading=\"lazy\" decoding=\"async\" width=\"300\" height=\"225\" src=\"http:\/\/dag.cvc.uab.es\/infoesposalles\/wp-content\/uploads\/sites\/2\/2025\/09\/DSCN3871-300x225-1.jpg\" alt=\"\" class=\"wp-image-97 size-full\"\/><\/figure><div class=\"wp-block-media-text__content\">\n<p class=\"has-text-align-center has-medium-font-size\">Anna Cabr\u00e9 (Principal Investigator)<\/p>\n<\/div><\/div>\n\n\n\n<div style=\"height:25px\" aria-hidden=\"true\" class=\"wp-block-spacer\"><\/div>\n\n\n\n<p class=\"has-text-color has-link-color wp-elements-0fae524e45da3e380c7036d9e87a8d76\" style=\"color:#800000\">Prof. Anna Cabr\u00e9, the project PI, is Emeritus Professor at the Department of Geography at the Universitat Autonoma de Barcelona (UAB), where she belongs since 1977, and former Director of the Center for Demographic Studies (CED), an independent research institute that she created and has been leading for the last 30 years. She has been head of the Doctorate Programme of Demography at the UAB\/CED since its creation in 1994 until 2014. The Spanish Ministry of Education has recognized the quality of her research with 6 six-year periods of excellence (sexenios), the maximum possible. Because of her 45 years in the profession, it is impossible to summarize here her CV. She has had great professional and social recognition and has been President of the Spanish Association of Population Geographers and member of the councils of the IUSSP (International Union for the Scientific Study of the Population) and the EAPS (European Association for Population Studies), where she is presently the Vice-President.<\/p>\n\n\n\n<div style=\"height:50px\" aria-hidden=\"true\" class=\"wp-block-spacer\"><\/div>\n\n\n\n<div class=\"wp-block-media-text is-stacked-on-mobile\" style=\"grid-template-columns:35% auto\"><figure class=\"wp-block-media-text__media\"><img loading=\"lazy\" decoding=\"async\" width=\"300\" height=\"225\" src=\"http:\/\/dag.cvc.uab.es\/infoesposalles\/wp-content\/uploads\/sites\/2\/2025\/09\/FotoJMPujades-300x225-1.jpg\" alt=\"\" class=\"wp-image-99 size-full\"\/><\/figure><div class=\"wp-block-media-text__content\">\n<p class=\"has-text-align-center has-medium-font-size\">Joana Maria Pujadas-Mora (Coordinator and researcher)<\/p>\n<\/div><\/div>\n\n\n\n<div style=\"height:25px\" aria-hidden=\"true\" class=\"wp-block-spacer\"><\/div>\n\n\n\n<p class=\"has-text-color has-link-color wp-elements-71b0111d4a85217c5d0a60222225053e\" style=\"color:#800000\">Joana Maria Pujadas-Mora is the Project Coordinator and junior researcher. She&nbsp;has a PhD in History from the Balearic Islands University (2009), written in part in the Department of Demography at the Spanish Scientific Research Council (CSIC). Her training in Demography began at the Centre for Demographic Studies (CED) with a postgraduate course in Methods and Techniques for the Study of Population, after which she completed specialization courses in Historical Demography at the Inter-University Consortium for Political and Social Research (University of Michigan, USA) and at the International Max Planck Research School for Demography (Rostock, Germany and Lund, Sweden).<\/p>\n\n\n\n<p class=\"has-text-color has-link-color wp-elements-ba4b2d3082e5179cd449db06aa2cac89\" style=\"color:#800000\">Currently she is alsi co-PI, with Prof. Anna Cabr\u00e9, of the project CSO2013-43118-R <em>El tratamiento digital de las fuentes hist\u00f3ricas locales. Tres experimentos en \u201ccrowdsourcing\u201d y acceso f\u00e1cil&nbsp; (CROWDS3), <\/em>funded by the <em>Ministerio de Econom\u00eda y Competitividad<\/em>. She also was a member of the research team for the I+D+I (Research, Development and Innovation) project headed by Prof. Anna Cabr\u00e9,&nbsp;<em>Matrimonio y posici\u00f3n social en el \u00e1rea de Barcelona, 1451-1905. Construcci\u00f3n de una base de datos y an\u00e1lisis sociodemogr\u00e1fico&nbsp;<\/em>(CSO2010-21300\/SOCI \u2013 Marriage and Social Position in the Barcelona Area, 1451 \u2013 1905: Database Creation and Socio-Demographic Analysis).<\/p>\n\n\n\n<p class=\"has-text-color has-link-color wp-elements-cb6d9f26277adffb81c019d5fd57dc47\" style=\"color:#800000\">In the 2010-2011 academic year she was visiting researcher at the Center for Economic Demography at the University of Lund (Sweden) thanks to the Ministry of Education, Culture and Sports \u201cJos\u00e9 Castillejo\u201d Mobility and International Exchange Programme for young PhD holders. She is also supervising four PhD theses under the auspices of the project \u201cFive Centuries of Marriages\u201d. Her research speciality areas are Historical Demography (mortality and nuptiality) and the History of Public Health (epidemics).&nbsp;<\/p>\n\n\n\n<div style=\"height:50px\" aria-hidden=\"true\" class=\"wp-block-spacer\"><\/div>\n\n\n\n<div class=\"wp-block-media-text is-stacked-on-mobile\" style=\"grid-template-columns:35% auto\"><figure class=\"wp-block-media-text__media\"><img loading=\"lazy\" decoding=\"async\" width=\"300\" height=\"225\" src=\"http:\/\/dag.cvc.uab.es\/infoesposalles\/wp-content\/uploads\/sites\/2\/2025\/09\/DSCN3812-300x225-1.jpg\" alt=\"\" class=\"wp-image-94 size-full\"\/><\/figure><div class=\"wp-block-media-text__content\">\n<p class=\"has-text-align-center has-medium-font-size\">Eul\u00e0lia Camps (Project manager and database manager)<\/p>\n<\/div><\/div>\n\n\n\n<div style=\"height:25px\" aria-hidden=\"true\" class=\"wp-block-spacer\"><\/div>\n\n\n\n<p class=\"has-text-color has-link-color wp-elements-1228bdb4999a0c1a8b2bd7c96a8fe67d\" style=\"color:#800000\">Eul\u00e0lia Camps is Project manager. Since 2001 she has been working at the Centre for Demographic Studies as a management secretary. She has a degree in Political Science and Sociology from the Autonomous University of Barcelona (1989) and also completed a postgraduate course in Demographic Aspects of Demand Forecasting (1991). Prior to this, she worked as a member of the technical staff in the Vice-Chancellor\u2019s Office at the Autonomous University of Barcelona and in the employers\u2019 organisation RecHum (CECOT), where she has taught courses of office computerisation.<\/p>\n\n\n\n<div style=\"height:50px\" aria-hidden=\"true\" class=\"wp-block-spacer\"><\/div>\n\n\n\n<div class=\"wp-block-media-text is-stacked-on-mobile\" style=\"grid-template-columns:35% auto\"><figure class=\"wp-block-media-text__media\"><img loading=\"lazy\" decoding=\"async\" width=\"267\" height=\"200\" src=\"http:\/\/dag.cvc.uab.es\/infoesposalles\/wp-content\/uploads\/sites\/2\/2025\/09\/GUMA2.jpg\" alt=\"\" class=\"wp-image-104 size-full\"\/><\/figure><div class=\"wp-block-media-text__content\">\n<p class=\"has-text-align-center has-medium-font-size\">Jordi Gum\u00e0&nbsp;(Post-doctoral researcher)<\/p>\n<\/div><\/div>\n\n\n\n<div style=\"height:25px\" aria-hidden=\"true\" class=\"wp-block-spacer\"><\/div>\n\n\n\n<p class=\"has-text-color has-link-color wp-elements-d97880b659d15b9ff6dfde0bb02c2fb3\" style=\"color:#800000\">Dr. Jordi Gum\u00e0 is currently a post-doctoral researcher at the Center for Demographic Studies (CED) within the project \u201cFive Centuries of Marriages\u201d. He has a PhD in Demography from Autonomous University of Barcelona (2014) with the dissertation \u201cLa familia como determinante social de la salud subjetiva. Una aproximaci\u00f3n desde la Demograf\u00eda\u201d. He holds a bachelor degree in Statistics (Autonomous University of Barcelona). In 2008 he obtained a degree in Market Research and Techniques (Universitat Oberta de Catalunya). In 2009, he completed the Master\u2019s Degree in Regional and Population Studies (Autonomous University of Barcelona). He graduated at the European School of Demography (EDSD), which was held in Rostock (Germany) and Lund (Sweden) during the academic year 2010-11.<\/p>\n\n\n\n<div style=\"height:50px\" aria-hidden=\"true\" class=\"wp-block-spacer\"><\/div>\n\n\n\n<div class=\"wp-block-media-text is-stacked-on-mobile\" style=\"grid-template-columns:35% auto\"><figure class=\"wp-block-media-text__media\"><img loading=\"lazy\" decoding=\"async\" width=\"300\" height=\"225\" src=\"http:\/\/dag.cvc.uab.es\/infoesposalles\/wp-content\/uploads\/sites\/2\/2025\/09\/FotoCVillar-300x225-1.jpg\" alt=\"\" class=\"wp-image-98 size-full\"\/><\/figure><div class=\"wp-block-media-text__content\">\n<p class=\"has-text-align-center has-medium-font-size\">Conxi Villar (Post-doctoral researcher)<\/p>\n<\/div><\/div>\n\n\n\n<div style=\"height:25px\" aria-hidden=\"true\" class=\"wp-block-spacer\"><\/div>\n\n\n\n<p class=\"has-text-color has-link-color wp-elements-19aad6b3c52a91f7a106ab9acb58deda\" style=\"color:#800000\">Dr Conxi Villar is a research support technician and postdoctoral researcher. Phd in Contemporary History, University of Barcelona, her dissertation \u201cTreball i G\u00e8nere a la Ind\u00fastria Metal\u00b7l\u00fargica de Barcelona (segles XIX i XX)\u201d focused on work organisation in the metallurgical industry and working class living conditions from a gender perspective. She is also a member of the Consolidated by the Generalitat de Catalunya Research Group \u201cTreball, Institucions I G\u00e8nere\u201d (TIG, IP: Dra. Cristina Border\u00edas) participating within the project \u201cLa reconstrucci\u00f3 de l\u2019activitat econ\u00f2mica a la Catalunya contempor\u00e0nia: treball, demografia i economies familiars\u201d (Ministerio de Ciencia e Innovaci\u00f3n, 2012-2014; HAR2011-26951, Dra. Cristina Border\u00edas). She is mainly researching the history of work and gender, the history of the family and the history of the working class movement from a gender perspective.<\/p>\n\n\n\n<div style=\"height:50px\" aria-hidden=\"true\" class=\"wp-block-spacer\"><\/div>\n\n\n\n<div class=\"wp-block-media-text is-stacked-on-mobile\" style=\"grid-template-columns:35% auto\"><figure class=\"wp-block-media-text__media\"><img loading=\"lazy\" decoding=\"async\" width=\"300\" height=\"225\" src=\"http:\/\/dag.cvc.uab.es\/infoesposalles\/wp-content\/uploads\/sites\/2\/2025\/09\/Foto-MValls-300x225-1.jpg\" alt=\"\" class=\"wp-image-101 size-full\"\/><\/figure><div class=\"wp-block-media-text__content\">\n<p class=\"has-text-align-center has-medium-font-size\">Miquel Valls (PhD student)<\/p>\n<\/div><\/div>\n\n\n\n<div style=\"height:25px\" aria-hidden=\"true\" class=\"wp-block-spacer\"><\/div>\n\n\n\n<p class=\"has-text-color has-link-color wp-elements-ac00b7aae7b0071b7d54cdac4a2de1ef\" style=\"color:#800000\">Miquel Valls has a B.A. in Geography by the Universitat de Lleida (UdL). He is in possession of a Master\u2019s Degree in Demography (UAB), with a study on \u201cLocal sources for demographic information in Catalonia. An application to the area of Bergued\u00e0\u201d. He belongs to the staff of the UAB as research technician and has enrolled in the Doctorate Programme in Demography with a thesis on \u201cMarriage and social position at the start of the industrial era. Barcelona, 1840-1860\u201d. He followed the Longitudinal Analysis of Historical Demographic Data Course into the Summer Program in Quantitative Methods of Social Research (2011) at the University of Michigan, US.<\/p>\n\n\n\n<div style=\"height:50px\" aria-hidden=\"true\" class=\"wp-block-spacer\"><\/div>\n\n\n\n<div class=\"wp-block-media-text is-stacked-on-mobile\" style=\"grid-template-columns:35% auto\"><figure class=\"wp-block-media-text__media\"><img loading=\"lazy\" decoding=\"async\" width=\"300\" height=\"225\" src=\"http:\/\/dag.cvc.uab.es\/infoesposalles\/wp-content\/uploads\/sites\/2\/2025\/09\/Foto-JPJorda-300x225-1.jpg\" alt=\"\" class=\"wp-image-100 size-full\"\/><\/figure><div class=\"wp-block-media-text__content\">\n<p class=\"has-text-align-center has-medium-font-size\">Joan Pau Jord\u00e0 (PhD student)<\/p>\n<\/div><\/div>\n\n\n\n<div style=\"height:25px\" aria-hidden=\"true\" class=\"wp-block-spacer\"><\/div>\n\n\n\n<p class=\"has-text-color has-link-color wp-elements-51245af9d26f2c0c027eff42539e305b\" style=\"color:#800000\">Joan Pau Jord\u00e0 has a B.A. in History by the University of Balearic Islands (UIB). He obtained a Master\u2019s Degree in Demography (UAB) in 2011 being granted to carry out a PhD thesis into the projects Matrimonio y posici\u00f3n social en el \u00e1rea de Barcelona, 1451-1905. Construcci\u00f3n de una base de datos y an\u00e1lisis sociodemogr\u00e1fico and Five Centuries of Marriages. In 2012 he enrolled in the European Doctoral School of Demography (EDSD), offered at the Max Planck Institute for Demographic Research in Rostock (Germany) and the CED at the UAB. In November 2013 he presented the EDSD Master Thesis \u201cElements of the study of apparition, permanence and extinction of Catalan family names (1451-1643)\u201d. In 2013 and 2014 he attended summer specialist courses on historical demography in the Inter-University Consortium for Political and Social Research (Michigan, USA) and in the Center for Economic Demography (Lund, Sweden).<\/p>\n\n\n\n<div style=\"height:50px\" aria-hidden=\"true\" class=\"wp-block-spacer\"><\/div>\n\n\n\n<div class=\"wp-block-media-text is-stacked-on-mobile\" style=\"grid-template-columns:35% auto\"><figure class=\"wp-block-media-text__media\"><img loading=\"lazy\" decoding=\"async\" width=\"300\" height=\"225\" src=\"http:\/\/dag.cvc.uab.es\/infoesposalles\/wp-content\/uploads\/sites\/2\/2025\/09\/DSCN3870-300x225-1.jpg\" alt=\"\" class=\"wp-image-96 size-full\"\/><\/figure><div class=\"wp-block-media-text__content\">\n<p class=\"has-text-align-center has-medium-font-size\">Miquel Amengual (PhD student)<\/p>\n<\/div><\/div>\n\n\n\n<div style=\"height:25px\" aria-hidden=\"true\" class=\"wp-block-spacer\"><\/div>\n\n\n\n<p class=\"has-text-color has-link-color wp-elements-90f11c4ba53aad14836ce6d8f68e0418\" style=\"color:#800000\">Miquel Amengual is a PhD student funded by the project \u201cFive Centuries of Marriages\u201d, with a thesis on \u201cThe French migration in the area of Barcelona, 16th \u2013 17th centuries\u201d. He has a degree in History from the Balearic Islands University (2009), and a master\u2019s degree in Sciences and Techniques of Antiquity and the Middle Ages (2009 \u2013 2011) from the Autonomous University of Barcelona. Currently (2014-2015) he has enrolled in the European Doctoral School of Demography (EDSD), offered in the present edition by the Max Planck Institute for Demographic Research in Rostock (Germany) and the Institute of Statistics and Demography, Warsaw School of Economics in Poland.<\/p>\n\n\n\n<div style=\"height:50px\" aria-hidden=\"true\" class=\"wp-block-spacer\"><\/div>\n\n\n\n<div class=\"wp-block-media-text is-stacked-on-mobile\" style=\"grid-template-columns:35% auto\"><figure class=\"wp-block-media-text__media\"><img loading=\"lazy\" decoding=\"async\" width=\"267\" height=\"200\" src=\"http:\/\/dag.cvc.uab.es\/infoesposalles\/wp-content\/uploads\/sites\/2\/2025\/09\/tmedina2.jpg\" alt=\"\" class=\"wp-image-102 size-full\"\/><\/figure><div class=\"wp-block-media-text__content\">\n<p class=\"has-text-align-center has-medium-font-size\">Antonio Medina (PhD student)<\/p>\n<\/div><\/div>\n\n\n\n<div style=\"height:25px\" aria-hidden=\"true\" class=\"wp-block-spacer\"><\/div>\n\n\n\n<p class=\"has-text-color has-link-color wp-elements-00409652f22092b8c92eb0667f7c9b4f\" style=\"color:#800000\">Antonio Medina is a PhD student and research support technician. He will soon defend his PhD dissertation focused on residential mobility in the metropolitan area of Barcelona. In 2007, he joined the Barcelona Institute of Regional and Metropolitan Studies (IERMB-UAB) as a research technician. In 2010, he joined the Centre for Demographic Studies (CED-UAB). Since then, he has been participating in different projects based on population estimates and projections. Currently, he is a research technician within the project \u201cDigital processing of local historical sources. Three experiments in crowdsourcing and user-friendly access\u201d (UAB).<\/p>\n\n\n\n<div style=\"height:50px\" aria-hidden=\"true\" class=\"wp-block-spacer\"><\/div>\n\n\n\n<div class=\"wp-block-media-text is-stacked-on-mobile\" style=\"grid-template-columns:35% auto\"><figure class=\"wp-block-media-text__media\"><img loading=\"lazy\" decoding=\"async\" width=\"267\" height=\"200\" src=\"http:\/\/dag.cvc.uab.es\/infoesposalles\/wp-content\/uploads\/sites\/2\/2025\/09\/gabriel_web1.jpg\" alt=\"\" class=\"wp-image-105 size-full\"\/><\/figure><div class=\"wp-block-media-text__content\">\n<p class=\"has-text-align-center has-medium-font-size\">Gabriel Brea (PhD student)<\/p>\n<\/div><\/div>\n\n\n\n<div style=\"height:25px\" aria-hidden=\"true\" class=\"wp-block-spacer\"><\/div>\n\n\n\n<p class=\"has-text-color has-link-color wp-elements-00ca5b1fb628b736060f9fd1100dc1de\" style=\"color:#800000\">Gabriel Brea is bachelor in History (UAB) and master in Regional and Population studies (Demography) (UAB), Currently he is a PhD candidate in Demography at the Autonomous University of Barcelona. His PhD research project is about the social reproduction in the area of Barcelona during the 18<sup>th<\/sup>-19<sup>th<\/sup>&nbsp;centuries and is supervised by Prof. Anna Cabr\u00e9 and Dr. Joana Maria Pujadas. His doctoral thesis deals with occupational studies, social mobility and intergenerational transmission of social and occupational status<\/p>\n\n\n\n<div style=\"height:50px\" aria-hidden=\"true\" class=\"wp-block-spacer\"><\/div>\n\n\n\n<div class=\"wp-block-media-text is-stacked-on-mobile\" style=\"grid-template-columns:35% auto\"><figure class=\"wp-block-media-text__media\"><img loading=\"lazy\" decoding=\"async\" width=\"300\" height=\"225\" src=\"http:\/\/dag.cvc.uab.es\/infoesposalles\/wp-content\/uploads\/sites\/2\/2025\/09\/IMG_0776-300x225-1.jpg\" alt=\"\" class=\"wp-image-103 size-full\"\/><\/figure><div class=\"wp-block-media-text__content\">\n<p class=\"has-text-align-center has-medium-font-size\">Kenneth Pitarch (PhD student)<\/p>\n<\/div><\/div>\n\n\n\n<div style=\"height:25px\" aria-hidden=\"true\" class=\"wp-block-spacer\"><\/div>\n\n\n\n<p class=\"has-text-color has-link-color wp-elements-83ba802fe0c66ee53b531589998ec1e3\" style=\"color:#800000\">Kenneth Pitarch is a research technician. He is bachelor in History at the University of Valencia (2009) and he obtained a Master\u2019s degree in Demography (2012) and a Postgraduate Diploma in Management and Digital Processing of Historical Documentation (2014), both at the UAB. He has been working since 2011 within the project \u201cFive Centuries of Marriage\u201d and he is now part of the task force of \u201cDigital processing of local historical sources. Three experiments in crowdsourcing and user-friendly access\u201d (CROWDS3).<\/p>\n","protected":false},"excerpt":{"rendered":"<div class=\"mh-excerpt\"><p>Anna Cabr\u00e9 (Principal Investigator) Prof. Anna Cabr\u00e9, the project PI, is Emeritus Professor at the Department of Geography at the Universitat Autonoma de Barcelona (UAB), <a class=\"mh-excerpt-more\" href=\"http:\/\/dag.cvc.uab.es\/infoesposalles\/team-uab-ced\/\" title=\"TEAM UAB-CED\">[&#8230;]<\/a><\/p>\n<\/div>","protected":false},"author":1,"featured_media":0,"parent":0,"menu_order":0,"comment_status":"closed","ping_status":"closed","template":"template-full.php","meta":{"footnotes":""},"class_list":["post-26","page","type-page","status-publish","hentry"],"_links":{"self":[{"href":"http:\/\/dag.cvc.uab.es\/infoesposalles\/wp-json\/wp\/v2\/pages\/26","targetHints":{"allow":["GET"]}}],"collection":[{"href":"http:\/\/dag.cvc.uab.es\/infoesposalles\/wp-json\/wp\/v2\/pages"}],"about":[{"href":"http:\/\/dag.cvc.uab.es\/infoesposalles\/wp-json\/wp\/v2\/types\/page"}],"author":[{"embeddable":true,"href":"http:\/\/dag.cvc.uab.es\/infoesposalles\/wp-json\/wp\/v2\/users\/1"}],"replies":[{"embeddable":true,"href":"http:\/\/dag.cvc.uab.es\/infoesposalles\/wp-json\/wp\/v2\/comments?post=26"}],"version-history":[{"count":9,"href":"http:\/\/dag.cvc.uab.es\/infoesposalles\/wp-json\/wp\/v2\/pages\/26\/revisions"}],"predecessor-version":[{"id":183,"href":"http:\/\/dag.cvc.uab.es\/infoesposalles\/wp-json\/wp\/v2\/pages\/26\/revisions\/183"}],"wp:attachment":[{"href":"http:\/\/dag.cvc.uab.es\/infoesposalles\/wp-json\/wp\/v2\/media?parent=26"}],"curies":[{"name":"wp","href":"https:\/\/api.w.org\/{rel}","templated":true}]}}