{"id":40,"date":"2016-06-09T14:54:25","date_gmt":"2016-06-09T14:54:25","guid":{"rendered":"http:\/\/158.109.8.43\/infoesposalles\/?page_id=40"},"modified":"2025-09-19T12:21:39","modified_gmt":"2025-09-19T10:21:39","slug":"team-cvc","status":"publish","type":"page","link":"http:\/\/dag.cvc.uab.es\/infoesposalles\/team-cvc\/","title":{"rendered":"TEAM CVC"},"content":{"rendered":"\n<div class=\"wp-block-columns is-layout-flex wp-container-core-columns-is-layout-9d6595d7 wp-block-columns-is-layout-flex\">\n<div class=\"wp-block-column is-layout-flow wp-block-column-is-layout-flow\"><div class=\"wp-block-image\">\n<figure class=\"aligncenter size-large is-resized\"><img loading=\"lazy\" decoding=\"async\" width=\"1024\" height=\"768\" src=\"http:\/\/dag.cvc.uab.es\/infoesposalles\/wp-content\/uploads\/sites\/2\/2025\/09\/027-1024x768.jpg\" alt=\"\" class=\"wp-image-108\" style=\"width:500px\" srcset=\"http:\/\/dag.cvc.uab.es\/infoesposalles\/wp-content\/uploads\/sites\/2\/2025\/09\/027-1024x768.jpg 1024w, http:\/\/dag.cvc.uab.es\/infoesposalles\/wp-content\/uploads\/sites\/2\/2025\/09\/027-300x225.jpg 300w, http:\/\/dag.cvc.uab.es\/infoesposalles\/wp-content\/uploads\/sites\/2\/2025\/09\/027-768x576.jpg 768w, http:\/\/dag.cvc.uab.es\/infoesposalles\/wp-content\/uploads\/sites\/2\/2025\/09\/027-1536x1152.jpg 1536w, http:\/\/dag.cvc.uab.es\/infoesposalles\/wp-content\/uploads\/sites\/2\/2025\/09\/027-2048x1536.jpg 2048w\" sizes=\"auto, (max-width: 1024px) 100vw, 1024px\" \/><\/figure><\/div><\/div>\n<\/div>\n\n\n\n<div style=\"height:40px\" aria-hidden=\"true\" class=\"wp-block-spacer\"><\/div>\n\n\n\n<div class=\"wp-block-media-text is-stacked-on-mobile is-style-default\" style=\"grid-template-columns:35% auto\"><figure class=\"wp-block-media-text__media\"><img loading=\"lazy\" decoding=\"async\" width=\"1024\" height=\"743\" src=\"https:\/\/dag.cvc.uab.es\/infoesposalles\/wp-content\/uploads\/sites\/2\/2025\/09\/JOSEP_team-1024x743.jpg\" alt=\"\" class=\"wp-image-112 size-full\" srcset=\"http:\/\/dag.cvc.uab.es\/infoesposalles\/wp-content\/uploads\/sites\/2\/2025\/09\/JOSEP_team-1024x743.jpg 1024w, http:\/\/dag.cvc.uab.es\/infoesposalles\/wp-content\/uploads\/sites\/2\/2025\/09\/JOSEP_team-300x218.jpg 300w, http:\/\/dag.cvc.uab.es\/infoesposalles\/wp-content\/uploads\/sites\/2\/2025\/09\/JOSEP_team-768x557.jpg 768w, http:\/\/dag.cvc.uab.es\/infoesposalles\/wp-content\/uploads\/sites\/2\/2025\/09\/JOSEP_team-1536x1115.jpg 1536w, http:\/\/dag.cvc.uab.es\/infoesposalles\/wp-content\/uploads\/sites\/2\/2025\/09\/JOSEP_team-2048x1487.jpg 2048w\" sizes=\"auto, (max-width: 1024px) 100vw, 1024px\" \/><\/figure><div class=\"wp-block-media-text__content\">\n<p class=\"has-text-align-center has-black-color has-text-color has-link-color has-medium-font-size wp-elements-8e3dcee0979baf36cff5d0e4007279cb\">Josep Llad\u00f3s (Senior Researcher and director of the CVC)<\/p>\n<\/div><\/div>\n\n\n\n<div style=\"height:25px\" aria-hidden=\"true\" class=\"wp-block-spacer\"><\/div>\n\n\n\n<p class=\"has-text-color has-link-color wp-elements-1a3ca9f538023709d763514e63906b56\" style=\"color:#800000;font-size:15px\">Josep Llad\u00f3s received the degree in Computer Sciences in 1991 from the Universitat Politecnica de Catalunya and the PhD degree in Computer Sciences in 1997 from the Universitat Autonoma de Barcelona (Spain) and the Universit\u00e9 Paris 8 (France). Currently he an Associate Professor at the Computer Sciences Department of the Universitat Autonoma de Barcelona and a staff researcher of the Computer Vision Center, where he is also the director. He is the head of the Pattern Recognition and Document Analysis Group (2005SGR-00472). His current research fields are document analysis, graphics recognition and structural and syntactic pattern recognition. He has been the head of a number of Computer Vision R+D projects and published several papers in national and international conferences and journals. J. Llad\u00f3s is an active member of the Image Analysis and Pattern Recognition Spanish Association (AERFAI), a member society of the IAPR. He is currently the chairman of the IAPR-ILC (Industrial Liaison Committee). Formerly he served as chairman of the IAPR TC-10, the Technical Committee on Graphics Recognition, and also he is a member of the IAPR TC-11 (reading Systems) and IAPR TC-15 (Graph based Representations). He serves on the Editorial Board of the ELCVIA (Electronic Letters on Computer Vision and Image Analysis) and the IJDAR (International Journal in Document Analysis and Recognition), and also a PC member of a number of international conferences. He was the recipient of the IAPRICDAR Young Investigator Award in 2007. Josep Llad\u00f3s has also experience in technological transfer and in 2002 he created the company ICAR Vision Systems, a spin-off of the Computer Vision Center working on Document Image Analysis, after win the entrepreneurs award from the Catalonia Government on business projects on Information Society Technologies in 2000.<\/p>\n\n\n\n<div style=\"height:50px\" aria-hidden=\"true\" class=\"wp-block-spacer\"><\/div>\n\n\n\n<div class=\"wp-block-media-text is-stacked-on-mobile\" style=\"grid-template-columns:35% auto\"><figure class=\"wp-block-media-text__media\"><img loading=\"lazy\" decoding=\"async\" width=\"2349\" height=\"1681\" src=\"https:\/\/dag.cvc.uab.es\/infoesposalles\/wp-content\/uploads\/sites\/2\/2025\/09\/ALICIA_team.jpg\" alt=\"\" class=\"wp-image-107 size-full\" srcset=\"http:\/\/dag.cvc.uab.es\/infoesposalles\/wp-content\/uploads\/sites\/2\/2025\/09\/ALICIA_team.jpg 2349w, http:\/\/dag.cvc.uab.es\/infoesposalles\/wp-content\/uploads\/sites\/2\/2025\/09\/ALICIA_team-300x215.jpg 300w, http:\/\/dag.cvc.uab.es\/infoesposalles\/wp-content\/uploads\/sites\/2\/2025\/09\/ALICIA_team-1024x733.jpg 1024w, http:\/\/dag.cvc.uab.es\/infoesposalles\/wp-content\/uploads\/sites\/2\/2025\/09\/ALICIA_team-768x550.jpg 768w, http:\/\/dag.cvc.uab.es\/infoesposalles\/wp-content\/uploads\/sites\/2\/2025\/09\/ALICIA_team-1536x1099.jpg 1536w, http:\/\/dag.cvc.uab.es\/infoesposalles\/wp-content\/uploads\/sites\/2\/2025\/09\/ALICIA_team-2048x1466.jpg 2048w\" sizes=\"auto, (max-width: 2349px) 100vw, 2349px\" \/><\/figure><div class=\"wp-block-media-text__content\">\n<p class=\"has-text-align-center has-black-color has-text-color has-link-color has-medium-font-size wp-elements-02a19733619499dcc98d788a10b273c5\">Al\u00edcia Forn\u00e9s (PhD, Coordinator)<\/p>\n<\/div><\/div>\n\n\n\n<div style=\"height:25px\" aria-hidden=\"true\" class=\"wp-block-spacer\"><\/div>\n\n\n\n<p class=\"has-text-color has-link-color wp-elements-063730bd9417160542a35acd3b508f05\" style=\"color:#800000;font-size:15px\">Alicia Forn\u00e9s received the B.S. degree from the Universitat de les Illes Balears (UIB) in 2003 and the M.S. degree from the Universitat Aut\u00f2noma de Barcelona (UAB) in 2005. She obtained the Ph.D. degree on writer identification of old music scores from the UAB in 2009. She was the recipient of the AERFAI (Image Analysis and Pattern Recognition Spanish Association) best thesis award 2009-2010. She is currently a postdoctoral researcher in the Computer Vision Center. Her research interests include document analysis, symbol recognition, optical music recognition, historical documents, handwriting recognition and writer identification.<\/p>\n\n\n\n<div style=\"height:50px\" aria-hidden=\"true\" class=\"wp-block-spacer\"><\/div>\n\n\n\n<div class=\"wp-block-media-text is-stacked-on-mobile\" style=\"grid-template-columns:35% auto\"><figure class=\"wp-block-media-text__media\"><img loading=\"lazy\" decoding=\"async\" width=\"2421\" height=\"1829\" src=\"https:\/\/dag.cvc.uab.es\/infoesposalles\/wp-content\/uploads\/sites\/2\/2025\/09\/DAVID_team.jpg\" alt=\"\" class=\"wp-image-106 size-full\" srcset=\"http:\/\/dag.cvc.uab.es\/infoesposalles\/wp-content\/uploads\/sites\/2\/2025\/09\/DAVID_team.jpg 2421w, http:\/\/dag.cvc.uab.es\/infoesposalles\/wp-content\/uploads\/sites\/2\/2025\/09\/DAVID_team-300x227.jpg 300w, http:\/\/dag.cvc.uab.es\/infoesposalles\/wp-content\/uploads\/sites\/2\/2025\/09\/DAVID_team-1024x774.jpg 1024w, http:\/\/dag.cvc.uab.es\/infoesposalles\/wp-content\/uploads\/sites\/2\/2025\/09\/DAVID_team-768x580.jpg 768w, http:\/\/dag.cvc.uab.es\/infoesposalles\/wp-content\/uploads\/sites\/2\/2025\/09\/DAVID_team-1536x1160.jpg 1536w, http:\/\/dag.cvc.uab.es\/infoesposalles\/wp-content\/uploads\/sites\/2\/2025\/09\/DAVID_team-2048x1547.jpg 2048w\" sizes=\"auto, (max-width: 2421px) 100vw, 2421px\" \/><\/figure><div class=\"wp-block-media-text__content\">\n<p class=\"has-text-align-center has-black-color has-text-color has-link-color has-medium-font-size wp-elements-77ad9cf5c608b0d9b16c3c93fd7fdb7e\">David Fern\u00e1ndez (PhD Student)<\/p>\n<\/div><\/div>\n\n\n\n<div style=\"height:25px\" aria-hidden=\"true\" class=\"wp-block-spacer\"><\/div>\n\n\n\n<p class=\"has-text-color has-link-color wp-elements-51f37a80b239d3af08b3c16d77cba89d\" style=\"color:#800000;font-size:15px\">David Fern\u00e1ndez graduated in Computer Science from the Universitat Jaume I of Castell\u00f3n. He received his M.S. degree in Computer Vision and Artificial Intelligence from the Universitat Aut\u00f2noma de Barcelona, Barcelona, Spain in 2010. Currently he is pursuing his Ph.D. in the Centre de Visi\u00f3 per Computador, Barcelona, Spain under the supervision of Dr. Josep Llad\u00f3s and Dr. Alicia Forn\u00e9s. In his Ph.D. he is working on historical handwritten documents. His main research interests include enhancement and segmentation of documents and word spotting.<\/p>\n\n\n\n<div style=\"height:50px\" aria-hidden=\"true\" class=\"wp-block-spacer\"><\/div>\n\n\n\n<div class=\"wp-block-media-text is-stacked-on-mobile\" style=\"grid-template-columns:35% auto\"><figure class=\"wp-block-media-text__media\"><img loading=\"lazy\" decoding=\"async\" width=\"1024\" height=\"777\" src=\"http:\/\/dag.cvc.uab.es\/infoesposalles\/wp-content\/uploads\/sites\/2\/2025\/09\/NURIA_team-1024x777.jpg\" alt=\"\" class=\"wp-image-111 size-full\" srcset=\"http:\/\/dag.cvc.uab.es\/infoesposalles\/wp-content\/uploads\/sites\/2\/2025\/09\/NURIA_team-1024x777.jpg 1024w, http:\/\/dag.cvc.uab.es\/infoesposalles\/wp-content\/uploads\/sites\/2\/2025\/09\/NURIA_team-300x228.jpg 300w, http:\/\/dag.cvc.uab.es\/infoesposalles\/wp-content\/uploads\/sites\/2\/2025\/09\/NURIA_team-768x583.jpg 768w, http:\/\/dag.cvc.uab.es\/infoesposalles\/wp-content\/uploads\/sites\/2\/2025\/09\/NURIA_team-1536x1165.jpg 1536w, http:\/\/dag.cvc.uab.es\/infoesposalles\/wp-content\/uploads\/sites\/2\/2025\/09\/NURIA_team-2048x1554.jpg 2048w\" sizes=\"auto, (max-width: 1024px) 100vw, 1024px\" \/><\/figure><div class=\"wp-block-media-text__content\">\n<p class=\"has-text-align-center has-black-color has-text-color has-link-color has-medium-font-size wp-elements-bf07ec2f612072e4a109a5c87fb14a30\">N\u00faria Cirera (PhD&nbsp;Student)<\/p>\n<\/div><\/div>\n\n\n\n<div style=\"height:25px\" aria-hidden=\"true\" class=\"wp-block-spacer\"><\/div>\n\n\n\n<p class=\"has-text-color has-link-color wp-elements-23a4da1452822ed1bffe3e4c72cc4a47\" style=\"color:#800000;font-size:15px\">N\u00faria Cirera Turigues received her B.S. degrees in Mathematics and in Statistics from Autonomous University of Barcelona, Barcelona, Catalunya, in 2011. She received her M.S. degree in 2012 and is currently a Ph.D. Candidate in the Department of Computer Science at the Autonomous University of Barcelona. Her research interests are handwriting recognition, language models, document analysis, linguistics, hidden Markov models and pattern recognition.<\/p>\n\n\n\n<div style=\"height:50px\" aria-hidden=\"true\" class=\"wp-block-spacer\"><\/div>\n\n\n\n<div class=\"wp-block-media-text is-stacked-on-mobile\" style=\"grid-template-columns:35% auto\"><figure class=\"wp-block-media-text__media\"><img loading=\"lazy\" decoding=\"async\" width=\"1024\" height=\"818\" src=\"http:\/\/dag.cvc.uab.es\/infoesposalles\/wp-content\/uploads\/sites\/2\/2025\/09\/JUAN_team-1024x818.jpg\" alt=\"\" class=\"wp-image-109 size-full\" srcset=\"http:\/\/dag.cvc.uab.es\/infoesposalles\/wp-content\/uploads\/sites\/2\/2025\/09\/JUAN_team-1024x818.jpg 1024w, http:\/\/dag.cvc.uab.es\/infoesposalles\/wp-content\/uploads\/sites\/2\/2025\/09\/JUAN_team-300x240.jpg 300w, http:\/\/dag.cvc.uab.es\/infoesposalles\/wp-content\/uploads\/sites\/2\/2025\/09\/JUAN_team-768x614.jpg 768w, http:\/\/dag.cvc.uab.es\/infoesposalles\/wp-content\/uploads\/sites\/2\/2025\/09\/JUAN_team-1536x1227.jpg 1536w, http:\/\/dag.cvc.uab.es\/infoesposalles\/wp-content\/uploads\/sites\/2\/2025\/09\/JUAN_team-2048x1637.jpg 2048w\" sizes=\"auto, (max-width: 1024px) 100vw, 1024px\" \/><\/figure><div class=\"wp-block-media-text__content\">\n<p class=\"has-text-align-center has-black-color has-text-color has-link-color has-medium-font-size wp-elements-76a367528730eee973458f74a6ad8c44\">Joan Mas (PhD, website manager)<\/p>\n<\/div><\/div>\n\n\n\n<div style=\"height:25px\" aria-hidden=\"true\" class=\"wp-block-spacer\"><\/div>\n\n\n\n<p class=\"has-text-color has-link-color wp-elements-84ecdda38918d03ea1d6ce68d6bae761\" style=\"color:#800000;font-size:15px\">Joan Mas received the B.S. degree from the Universitat Autonoma de Barcelona (UAB) in 2003 and the M.S. degree from the Universitat Aut\u00f2noma de Barcelona (UAB) in 2005. He obtained the Ph.D. degree on syntactic approaches to describe graphical documents from the UAB in 2010. He is currently a technology transfer engineer in the Computer Vision Center.<\/p>\n","protected":false},"excerpt":{"rendered":"<div class=\"mh-excerpt\"><p>Josep Llad\u00f3s (Senior Researcher and director of the CVC) Josep Llad\u00f3s received the degree in Computer Sciences in 1991 from the Universitat Politecnica de Catalunya <a class=\"mh-excerpt-more\" href=\"http:\/\/dag.cvc.uab.es\/infoesposalles\/team-cvc\/\" title=\"TEAM CVC\">[&#8230;]<\/a><\/p>\n<\/div>","protected":false},"author":1,"featured_media":0,"parent":0,"menu_order":0,"comment_status":"closed","ping_status":"closed","template":"template-full.php","meta":{"footnotes":""},"class_list":["post-40","page","type-page","status-publish","hentry"],"_links":{"self":[{"href":"http:\/\/dag.cvc.uab.es\/infoesposalles\/wp-json\/wp\/v2\/pages\/40","targetHints":{"allow":["GET"]}}],"collection":[{"href":"http:\/\/dag.cvc.uab.es\/infoesposalles\/wp-json\/wp\/v2\/pages"}],"about":[{"href":"http:\/\/dag.cvc.uab.es\/infoesposalles\/wp-json\/wp\/v2\/types\/page"}],"author":[{"embeddable":true,"href":"http:\/\/dag.cvc.uab.es\/infoesposalles\/wp-json\/wp\/v2\/users\/1"}],"replies":[{"embeddable":true,"href":"http:\/\/dag.cvc.uab.es\/infoesposalles\/wp-json\/wp\/v2\/comments?post=40"}],"version-history":[{"count":11,"href":"http:\/\/dag.cvc.uab.es\/infoesposalles\/wp-json\/wp\/v2\/pages\/40\/revisions"}],"predecessor-version":[{"id":156,"href":"http:\/\/dag.cvc.uab.es\/infoesposalles\/wp-json\/wp\/v2\/pages\/40\/revisions\/156"}],"wp:attachment":[{"href":"http:\/\/dag.cvc.uab.es\/infoesposalles\/wp-json\/wp\/v2\/media?parent=40"}],"curies":[{"name":"wp","href":"https:\/\/api.w.org\/{rel}","templated":true}]}}