{"id":313,"date":"2021-11-12T13:26:42","date_gmt":"2021-11-12T13:26:42","guid":{"rendered":"http:\/\/dag.cvc.uab.es\/xarxes\/?page_id=313"},"modified":"2021-11-12T13:26:42","modified_gmt":"2021-11-12T13:26:42","slug":"game-of-crowds","status":"publish","type":"page","link":"http:\/\/dag.cvc.uab.es\/xarxes\/game-of-crowds\/","title":{"rendered":"Game of Crowds"},"content":{"rendered":"\n<p><strong>El projecte<\/strong>&nbsp;<\/p>\n\n\n\n<p>Game of&nbsp;Crowds&nbsp;\u00e9s un projecte&nbsp;de recerca que busca crear experi\u00e8ncies digitals innovadores dirigides a compartir la mem\u00f2ria col\u00b7lectiva de les comunitats actuals sobre la hist\u00f2ria de les comunitats del passat des de la combinaci\u00f3 de la demografia hist\u00f2rica, la visi\u00f3 per computador i la participaci\u00f3 ciutadana.&nbsp;&nbsp;<\/p>\n\n\n\n<p><strong>Objectius<\/strong>&nbsp;<\/p>\n\n\n\n<ul class=\"wp-block-list\"><li>Fomentar la participaci\u00f3 ciutadana&nbsp;a&nbsp;la recuperaci\u00f3 i digitalitzaci\u00f3 del patrimoni cultural&nbsp;&nbsp;<\/li><\/ul>\n\n\n\n<ul class=\"wp-block-list\"><li>Acc\u00e9s universal i digital al patrimoni cultural dels arxius hist\u00f2rics&nbsp;&nbsp;<\/li><li>Desenvolupar eines digitals innovadores que integren paradigmes i tecnologies facilitadores i disruptives per a la divulgaci\u00f3 del coneixement hist\u00f2ric&nbsp;<\/li><\/ul>\n\n\n\n<p><strong>Activitats<\/strong>&nbsp;<\/p>\n\n\n\n<p>Game of&nbsp;Crowds&nbsp;ha desenvolupat un conjunt d\u2019experi\u00e8ncies interactives que obren la possibilitat de la participaci\u00f3 de la ciutadania en dos eixos:&nbsp;<\/p>\n\n\n\n<ol class=\"wp-block-list\"><li>La ciutadania com element actiu en la producci\u00f3 de coneixement (dades) que descriuen les comunitats i contextos del passat. Aix\u00f2 ha estat possible&nbsp;gr\u00e0cies a:&nbsp;<\/li><\/ol>\n\n\n\n<ul class=\"wp-block-list\"><li>El desenvolupament d\u2019eines de&nbsp;<em>crowdsourcing&nbsp;<\/em>i&nbsp;<em>gamesourcing<\/em>&nbsp;per a la transcripci\u00f3 i validaci\u00f3 dels arxius demogr\u00e0fics.&nbsp;&nbsp;<\/li><li>Videojoc ca\u00e7a paraules&nbsp;per la validaci\u00f3 de transcripcions autom\u00e0tiques. Descarrega\u2019t el videojoc&nbsp;<a href=\"https:\/\/play.google.com\/store\/apps\/details?id=edu.uab.cvc.huntingwords\" target=\"_blank\" rel=\"noreferrer noopener\">aqu\u00ed<\/a>.&nbsp;&nbsp;<\/li><li>Mobilitzaci\u00f3 ciutadana per a la transcripci\u00f3 de documents d\u2019arxius hist\u00f2rics i incorporaci\u00f3 d\u2019arxius naturals (fotografies, records, an\u00e8cdotes, hist\u00f2ries, etc.) sobre els seus avantpassats o la hist\u00f2ria local, que s\u2019afegeixen a la informaci\u00f3 ja extreta dels documents demogr\u00e0fics.&nbsp;&nbsp;<\/li><\/ul>\n\n\n\n<ol class=\"wp-block-list\" start=\"2\"><li>La ciutadania com a consumidora de narratives constru\u00efdes amb coneixement hist\u00f2ric.&nbsp;<\/li><\/ol>\n\n\n\n<ul class=\"wp-block-list\"><li>Videojoc&nbsp;\u201c<em>Bot&nbsp;talker<\/em>\u201d, xatejant amb la hist\u00f2ria. Descarrega\u2019t el videojoc&nbsp;<a href=\"https:\/\/drive.google.com\/file\/d\/1c-PluvzgE4BjC1hX-_lc98iWwWYRUSAE\/view?usp=sharing\" target=\"_blank\" rel=\"noreferrer noopener\">aqu\u00ed<\/a>.&nbsp;&nbsp;<\/li><\/ul>\n\n\n\n<ul class=\"wp-block-list\"><li>Jocs en l\u00ednia xarxes socials:&nbsp;<\/li><li>\u201cMisteris i padrons\u201d&nbsp;<\/li><li>\u201cEnigmes i cognoms\u201d&nbsp;<\/li><\/ul>\n\n\n\n<p><em>Aquest projecte ha estat finan\u00e7at per la Fundaci\u00f3 Espanyola per la Ci\u00e8ncia i la Tecnologia (FECYT) del Ministeri&nbsp;de Ci\u00e8ncia i Innovaci\u00f3 del Govern d\u2019Espanya, sota la convocat\u00f2ria d\u2019ajudes pel foment de la cultura cient\u00edfica, tecnol\u00f2gica i de la innovaci\u00f3.&nbsp;<\/em>&nbsp;<\/p>\n\n\n\n<figure class=\"wp-block-image size-large is-resized\"><img loading=\"lazy\" decoding=\"async\" src=\"https:\/\/dag.cvc.uab.es\/xarxes\/wp-content\/uploads\/sites\/8\/2021\/11\/image.jpeg\" alt=\"Convocatoria FECYT\" class=\"wp-image-318\" width=\"219\" height=\"38\" \/><\/figure>\n\n\n\n<p><\/p>\n","protected":false},"excerpt":{"rendered":"<p>El projecte&nbsp; Game of&nbsp;Crowds&nbsp;\u00e9s un projecte&nbsp;de recerca que busca crear experi\u00e8ncies digitals innovadores dirigides a compartir la mem\u00f2ria col\u00b7lectiva de les comunitats actuals sobre la hist\u00f2ria de les comunitats del passat des de la combinaci\u00f3 de la demografia hist\u00f2rica, la visi\u00f3 per computador i la participaci\u00f3 ciutadana.&nbsp;&nbsp; Objectius&nbsp; Fomentar la participaci\u00f3 ciutadana&nbsp;a&nbsp;la recuperaci\u00f3 i digitalitzaci\u00f3 [&hellip;]<\/p>\n","protected":false},"author":3,"featured_media":0,"parent":0,"menu_order":0,"comment_status":"closed","ping_status":"closed","template":"","meta":{"footnotes":""},"class_list":["post-313","page","type-page","status-publish","hentry"],"_links":{"self":[{"href":"http:\/\/dag.cvc.uab.es\/xarxes\/wp-json\/wp\/v2\/pages\/313","targetHints":{"allow":["GET"]}}],"collection":[{"href":"http:\/\/dag.cvc.uab.es\/xarxes\/wp-json\/wp\/v2\/pages"}],"about":[{"href":"http:\/\/dag.cvc.uab.es\/xarxes\/wp-json\/wp\/v2\/types\/page"}],"author":[{"embeddable":true,"href":"http:\/\/dag.cvc.uab.es\/xarxes\/wp-json\/wp\/v2\/users\/3"}],"replies":[{"embeddable":true,"href":"http:\/\/dag.cvc.uab.es\/xarxes\/wp-json\/wp\/v2\/comments?post=313"}],"version-history":[{"count":0,"href":"http:\/\/dag.cvc.uab.es\/xarxes\/wp-json\/wp\/v2\/pages\/313\/revisions"}],"wp:attachment":[{"href":"http:\/\/dag.cvc.uab.es\/xarxes\/wp-json\/wp\/v2\/media?parent=313"}],"curies":[{"name":"wp","href":"https:\/\/api.w.org\/{rel}","templated":true}]}}