{"id":49,"date":"2017-03-28T10:34:24","date_gmt":"2017-03-28T10:34:24","guid":{"rendered":"http:\/\/dag.cvc.uab.es\/xarxes\/?page_id=49"},"modified":"2025-09-22T10:20:16","modified_gmt":"2025-09-22T08:20:16","slug":"home","status":"publish","type":"page","link":"http:\/\/dag.cvc.uab.es\/xarxes\/","title":{"rendered":"XARXES"},"content":{"rendered":"\n<h2 class=\"wp-block-heading\"><strong>Tecnologia i innovaci\u00f3 ciutadana en la construcci\u00f3 de xarxes socials hist\u00f2riques per a la comprensi\u00f3 del llegat demogr\u00e0fic<\/strong><\/h2>\n\n\n\n<h4 class=\"wp-block-heading\"><strong>NETWORKS:&nbsp;Technology and citizen innovation for building&nbsp;historical social networks to understand the demographic past<\/strong><\/h4>\n\n\n\n<h3 class=\"wp-block-heading\"><a href=\"https:\/\/dagapp.cvc.uab.cat\/xarxes\/\" target=\"_blank\" rel=\"noreferrer noopener\"><strong>Acc\u00e9s al cercador de la xarxa de padrons hist\u00f2rics (click aqu\u00ed)<\/strong><\/a> <a href=\"http:\/\/158.109.8.76\/xarxes\/\" target=\"_blank\" rel=\"noreferrer noopener\"><\/a><\/h3>\n\n\n\n<figure class=\"wp-block-image size-large\"><img loading=\"lazy\" decoding=\"async\" width=\"1024\" height=\"395\" src=\"http:\/\/dag.cvc.uab.es\/xarxes\/wp-content\/uploads\/sites\/3\/2025\/09\/Signatura-RecercaixaLogos-1024x395.jpg\" alt=\"\" class=\"wp-image-326\" srcset=\"http:\/\/dag.cvc.uab.es\/xarxes\/wp-content\/uploads\/sites\/3\/2025\/09\/Signatura-RecercaixaLogos-1024x395.jpg 1024w, http:\/\/dag.cvc.uab.es\/xarxes\/wp-content\/uploads\/sites\/3\/2025\/09\/Signatura-RecercaixaLogos-300x116.jpg 300w, http:\/\/dag.cvc.uab.es\/xarxes\/wp-content\/uploads\/sites\/3\/2025\/09\/Signatura-RecercaixaLogos-768x296.jpg 768w, http:\/\/dag.cvc.uab.es\/xarxes\/wp-content\/uploads\/sites\/3\/2025\/09\/Signatura-RecercaixaLogos.jpg 1381w\" sizes=\"auto, (max-width: 1024px) 100vw, 1024px\" \/><\/figure>\n\n\n\n<figure class=\"wp-block-image size-large\"><img loading=\"lazy\" decoding=\"async\" width=\"1024\" height=\"722\" src=\"http:\/\/dag.cvc.uab.es\/xarxes\/wp-content\/uploads\/sites\/3\/2025\/09\/LogoCED01-1024x722.jpg\" alt=\"\" class=\"wp-image-327\" srcset=\"http:\/\/dag.cvc.uab.es\/xarxes\/wp-content\/uploads\/sites\/3\/2025\/09\/LogoCED01-1024x722.jpg 1024w, http:\/\/dag.cvc.uab.es\/xarxes\/wp-content\/uploads\/sites\/3\/2025\/09\/LogoCED01-300x211.jpg 300w, http:\/\/dag.cvc.uab.es\/xarxes\/wp-content\/uploads\/sites\/3\/2025\/09\/LogoCED01-768x541.jpg 768w, http:\/\/dag.cvc.uab.es\/xarxes\/wp-content\/uploads\/sites\/3\/2025\/09\/LogoCED01-1536x1083.jpg 1536w, http:\/\/dag.cvc.uab.es\/xarxes\/wp-content\/uploads\/sites\/3\/2025\/09\/LogoCED01-2048x1444.jpg 2048w\" sizes=\"auto, (max-width: 1024px) 100vw, 1024px\" \/><\/figure>\n\n\n\n<figure class=\"wp-block-image size-large\"><img loading=\"lazy\" decoding=\"async\" width=\"1024\" height=\"379\" src=\"https:\/\/dag.cvc.uab.es\/xarxes\/wp-content\/uploads\/sites\/3\/2025\/09\/CVC-logo-1024x379.png\" alt=\"\" class=\"wp-image-362\" srcset=\"http:\/\/dag.cvc.uab.es\/xarxes\/wp-content\/uploads\/sites\/3\/2025\/09\/CVC-logo-1024x379.png 1024w, http:\/\/dag.cvc.uab.es\/xarxes\/wp-content\/uploads\/sites\/3\/2025\/09\/CVC-logo-300x111.png 300w, http:\/\/dag.cvc.uab.es\/xarxes\/wp-content\/uploads\/sites\/3\/2025\/09\/CVC-logo-768x284.png 768w, http:\/\/dag.cvc.uab.es\/xarxes\/wp-content\/uploads\/sites\/3\/2025\/09\/CVC-logo-1536x568.png 1536w, http:\/\/dag.cvc.uab.es\/xarxes\/wp-content\/uploads\/sites\/3\/2025\/09\/CVC-logo-2048x757.png 2048w\" sizes=\"auto, (max-width: 1024px) 100vw, 1024px\" \/><\/figure>\n","protected":false},"excerpt":{"rendered":"<p>Tecnologia i innovaci\u00f3 ciutadana en la construcci\u00f3 de xarxes socials hist\u00f2riques per a la comprensi\u00f3 del llegat demogr\u00e0fic NETWORKS:&nbsp;Technology and citizen innovation for building&nbsp;historical social networks to understand the demographic past Acc\u00e9s al cercador de la xarxa de padrons hist\u00f2rics (click aqu\u00ed)<\/p>\n","protected":false},"author":3,"featured_media":0,"parent":0,"menu_order":0,"comment_status":"closed","ping_status":"closed","template":"","meta":{"footnotes":""},"class_list":["post-49","page","type-page","status-publish","hentry"],"_links":{"self":[{"href":"http:\/\/dag.cvc.uab.es\/xarxes\/wp-json\/wp\/v2\/pages\/49","targetHints":{"allow":["GET"]}}],"collection":[{"href":"http:\/\/dag.cvc.uab.es\/xarxes\/wp-json\/wp\/v2\/pages"}],"about":[{"href":"http:\/\/dag.cvc.uab.es\/xarxes\/wp-json\/wp\/v2\/types\/page"}],"author":[{"embeddable":true,"href":"http:\/\/dag.cvc.uab.es\/xarxes\/wp-json\/wp\/v2\/users\/3"}],"replies":[{"embeddable":true,"href":"http:\/\/dag.cvc.uab.es\/xarxes\/wp-json\/wp\/v2\/comments?post=49"}],"version-history":[{"count":1,"href":"http:\/\/dag.cvc.uab.es\/xarxes\/wp-json\/wp\/v2\/pages\/49\/revisions"}],"predecessor-version":[{"id":363,"href":"http:\/\/dag.cvc.uab.es\/xarxes\/wp-json\/wp\/v2\/pages\/49\/revisions\/363"}],"wp:attachment":[{"href":"http:\/\/dag.cvc.uab.es\/xarxes\/wp-json\/wp\/v2\/media?parent=49"}],"curies":[{"name":"wp","href":"https:\/\/api.w.org\/{rel}","templated":true}]}}